{"id":2062,"date":"2024-01-21T12:27:39","date_gmt":"2024-01-21T19:27:39","guid":{"rendered":"https:\/\/comunidadsinai.org\/?page_id=2062"},"modified":"2024-02-25T13:22:29","modified_gmt":"2024-02-25T20:22:29","slug":"privacy-policy","status":"publish","type":"page","link":"https:\/\/comunidadsinai.org\/index.php\/privacy-policy\/","title":{"rendered":"Privacy Policy"},"content":{"rendered":"\t\t<div data-elementor-type=\"wp-page\" data-elementor-id=\"2062\" class=\"elementor elementor-2062\">\n\t\t\t\t<div class=\"elementor-element elementor-element-621446a e-flex e-con-boxed e-con e-parent\" data-id=\"621446a\" data-element_type=\"container\" data-settings=\"{&quot;background_background&quot;:&quot;classic&quot;}\">\n\t\t\t\t\t<div class=\"e-con-inner\">\n\t\t<div class=\"elementor-element elementor-element-494d0be e-con-full e-flex e-con e-child\" data-id=\"494d0be\" data-element_type=\"container\">\n\t\t\t\t<\/div>\n\t\t<div class=\"elementor-element elementor-element-50f1488 e-con-full e-flex e-con e-child\" data-id=\"50f1488\" data-element_type=\"container\">\n\t\t\t\t<\/div>\n\t\t<div class=\"elementor-element elementor-element-0223ab8 e-con-full e-flex e-con e-child\" data-id=\"0223ab8\" data-element_type=\"container\">\n\t\t\t\t<\/div>\n\t\t\t\t<div class=\"elementor-element elementor-element-d5d3416 elementor-widget elementor-widget-heading\" data-id=\"d5d3416\" data-element_type=\"widget\" data-widget_type=\"heading.default\">\n\t\t\t\t<div class=\"elementor-widget-container\">\n\t\t\t\t\t<h1 class=\"elementor-heading-title elementor-size-default\">aviso de privacidad<\/h1>\t\t\t\t<\/div>\n\t\t\t\t<\/div>\n\t\t\t\t\t<\/div>\n\t\t\t\t<\/div>\n\t\t<div class=\"elementor-element elementor-element-29813ad e-flex e-con-boxed e-con e-parent\" data-id=\"29813ad\" data-element_type=\"container\">\n\t\t\t\t\t<div class=\"e-con-inner\">\n\t\t\t\t<div class=\"elementor-element elementor-element-13d8e3c elementor-widget elementor-widget-text-editor\" data-id=\"13d8e3c\" data-element_type=\"widget\" data-widget_type=\"text-editor.default\">\n\t\t\t\t<div class=\"elementor-widget-container\">\n\t\t\t\t\t\t\t\t\t<h2><span style=\"color: #0b8d75;\">Aviso de Privacidad<\/span><\/h2>\t\t\t\t\t\t\t\t<\/div>\n\t\t\t\t<\/div>\n\t\t\t\t<div class=\"elementor-element elementor-element-824b68d elementor-widget elementor-widget-text-editor\" data-id=\"824b68d\" data-element_type=\"widget\" data-widget_type=\"text-editor.default\">\n\t\t\t\t<div class=\"elementor-widget-container\">\n\t\t\t\t\t\t\t\t\t<p>Con fundamento en los art\u00edculos 15 y 16 de la Ley Federal de Protecci\u00f3n de Datos Personales en Posesi\u00f3n de Particulares (la \u201c<b>Ley<\/b>\u201d) y su reglamento hacemos de su conocimiento <b>Comunidad De Sina\u00ed, I.A.P. (\u201cCOMUNIDAD DE SINA\u00cd\u201d)<\/b>, con domicilio en carretera Eldorado-Las Arenitas, kil\u00f3metro 2.5 en Eldorado, Culiac\u00e1n, Sinaloa, es responsable de recabar datos personales, del uso que se le d\u00e9 a los mismos y de su protecci\u00f3n (los \u201c<b>Datos Personales<\/b>\u201d), en cumplimiento de los principios de licitud, calidad, consentimiento, informaci\u00f3n, finalidad, lealtad, proporcionalidad y responsabilidad.<\/p>\n<p>El objetivo de \u201cComunidad de Sina\u00ed\u201d, es dar atenci\u00f3n a personas que presentar s\u00edntomas de farmacodependencia y alcoholismo, elaboraci\u00f3n, difusi\u00f3n, promoci\u00f3n y aplicaci\u00f3n de sistemas para la prevenci\u00f3n, atenci\u00f3n y combate, a la farmacodependencia y alcoholismo, as\u00ed como promover la integraci\u00f3n familiar en dichas personas.<\/p>\n<p>Los datos personales recabados tienen como finalidad conocer condiciones de salud, situaci\u00f3n psicosocial, atributos personales, necesidades y preocupaciones del paciente, sus familiares y en su caso cualquier persona que cohabite con \u00e9l, para poder desarrollar de manera eficiente las actividades de la instituci\u00f3n y as\u00ed lograr mejores condiciones de desarrollo de sus capacidades y habilidades.<\/p>\n<p>Los <b>Datos Personales<\/b> se recopilan mediante la entrega directa y\/o personal por cualquier medio de contacto entre el titular y el responsable o sus encargados. Tambi\u00e9n se pueden recopilar a trav\u00e9s de base de datos p\u00fablicos, correo electr\u00f3nico y\/o telef\u00f3nicamente, y podr\u00e1n incluir:<\/p>\n<p><b>Para Paciente:<\/b><br>(a) nombre (s) y apellidos; (b) sexo; (c) nacionalidad; (d) domicilio; (e) n\u00fameros telef\u00f3nicos (casa y\/o celular); (f) lugar y fecha de nacimiento; (g) edad; (h) antecedentes cl\u00ednicos (estudios, etc.); (i) datos y documentos acad\u00e9micos (fechas e instituciones educativas); (j) fotograf\u00eda; (k) tipo sangu\u00edneo; (l) informaci\u00f3n general y relativa a estado de salud (enfermedades, padecimientos, alergias y fobias); (m) antecedentes cl\u00ednicos; (n) clave \u00fanica de registro de poblaci\u00f3n; (o) n\u00famero de afiliaci\u00f3n a los sistemas de seguridad social; (p) datos de parientes (nombre (s) y apellidos, edad, domicilio y ocupaci\u00f3n); (q) carnet del IMSS o n\u00famero de seguridad social; (r) carnet de seguro popular o n\u00famero de afiliaci\u00f3n; (s) carnet del ISSSTE o n\u00famero del ISSSTE.<br><b>Para Familiar:<\/b><br>(a) nombre (s) y apellidos; (b) sexo; (c) nacionalidad; (d) domicilio; (e) direcci\u00f3n de correo electr\u00f3nico; (f) n\u00fameros telef\u00f3nicos (casa y\/o celular); (g) lugar y fecha de nacimiento; (h) edad; (i) estado civil; (j) datos acad\u00e9micos (fechas e instituciones educativas); (k) fotograf\u00eda; (l) tipo sangu\u00edneo; (m) informaci\u00f3n general y relativa a estado de salud (enfermedades, padecimientos, alergias y fobias); (n) clave \u00fanica de registro de poblaci\u00f3n;<br>(o) n\u00famero de afiliaci\u00f3n a los sistemas de seguridad social; (p) datos de parientes (nombre(s) y apellidos, edad, domicilio y ocupaci\u00f3n).<br><b>Para Visitantes:<\/b><br>(a) nombre (s) y apellidos; (b) sexo; (c) nacionalidad; (d) domicilio; (e) direcci\u00f3n de correo electr\u00f3nico; (f) n\u00fameros telef\u00f3nicos (casa y\/o celular); (g) lugar y fecha de nacimiento; (h) edad; (i) estado civil; (j) parentesco o relaci\u00f3n con el paciente.<\/p>\n<p><\/p>\n<p><b>Datos Personales Sensibles:<\/b> Nosotros tratamos los siguientes datos personales sensibles como: datos de la situaci\u00f3n psicosocial de las personas que presentan s\u00edntomas de farmacodependencia y alcoholismo, as\u00ed como atributos personales, la historia familiar, el status de salud f\u00edsica y mental, sus necesidades y preocupaciones.<br>Entendemos que los datos personales sensibles que son de menores de edad ya cuentan con la autorizaci\u00f3n por parte de sus representantes legales (tutores y\/o padres), as\u00ed como los datos personales de terceros (por ejemplo, referencias personales o laborales) que usted nos proporcione, ya cuentan con la autorizaci\u00f3n de sus respectivos titulares para que nos sean entregados y sean tratados por nosotros conforme al presente aviso de privacidad.<br>Los fines primarios aplicables a los <b>Datos Personales<\/b> (los \u201c<b>Fines Primarios<\/b>\u201d) ser\u00e1n: (a) conocer condiciones de salud; (b) situaci\u00f3n psicosocial; (c) atributos personales; (d) necesidades y preocupaciones del paciente, sus familiares y en su caso cualquier persona que cohabite con \u00e9l; (e) creaci\u00f3n, estudio, an\u00e1lisis, actualizaci\u00f3n y conservaci\u00f3n del expediente familiar; (f) dar aviso a familiares en caso de ser necesario; (g) dar aviso a los sistemas de seguridad social en el caso de ser necesario, as\u00ed como a cualquier otra instituci\u00f3n que preste servicios de salud; (h) dar seguimiento a la evoluci\u00f3n del pacientes y sus familiares durante su estancia; (i) conocer condiciones de los visitantes<\/p>\n<p>.<br>Los fines secundarios aplicables a los <b>Datos Personales<\/b> (los \u201c<b>Fines Secundarios<\/b>\u201d) ser\u00e1n: (a) realizar estudios estad\u00edsticos internos; (b) en caso de ser necesario, compartir informaci\u00f3n con m\u00e9dicos, terapeutas, psic\u00f3logos y\/o cualquier otro especialista que pueda ser de ayuda en cada caso espec\u00edfico e instituciones en las cuales puedan proporcionar asistencia encausada al caso de cada paciente; (c) an\u00e1lisis; (d) fines administrativos, para cumplir con obligaciones legales; (h) dar cumplimiento a t\u00e9rminos y condiciones que podamos establecer con usted; (i) llevar un registro de las visitas a pacientes; (j) mantener la seguridad dentro de las instalaciones.<\/p>\n<p><br>La confidencialidad de los <b>Datos Personales<\/b> est\u00e1 garantizada y los mismos est\u00e1n protegidos por medidas de seguridad administrativas, t\u00e9cnicas y f\u00edsicas, para evitar da\u00f1o, p\u00e9rdida, alteraci\u00f3n, destrucci\u00f3n, uso, acceso o divulgaci\u00f3n indebida, por ejemplo los <b>Datos Personales<\/b> se encuentran en una base de datos interna, cuya administraci\u00f3n es a trav\u00e9s de claves de acceso que cambian en forma peri\u00f3dica y cuyo acceso est\u00e1 restringido a<br>personas autorizadas; convenios de confidencialidad con su personal, entre otras. Usted tiene derecho al acceso, rectificaci\u00f3n y cancelaci\u00f3n de sus <b>Datos Personales<\/b>, a oponerse al tratamiento de los mismos en su conjunto \u201c<b>Derechos ARCO<\/b>\u201d (<b><u>acceso, rectificaci\u00f3n, cancelaci\u00f3n y oposici\u00f3n<\/u><\/b>).<\/p>\n<p><br>Para ello, es necesario que usted o su representante legal presente una solicitud por escrito del ejercicio del <b>Derecho ARCO<\/b> dirigida al \u00e1rea de recursos humanos de \u201c<b>COMUNIDAD DE SINA\u00cd<\/b>\u201d responsable de la protecci\u00f3n de <b>Datos Personales<\/b>, ubicada en el domicilio antes<br>indicado, o bien, se comunique v\u00eda correo electr\u00f3nico a sinaieldorado@hotmail.com (\u201c<b><u>Solicitud<\/u><\/b>\u201d); debiendo recibir en ambos casos acuse de recibo, para que \u201c<b>COMUNIDAD DE SINA\u00cd<\/b>\u201d quede vinculado al respecto. Dicha <b>Solicitud <\/b>deber\u00e1 contener la siguiente informaci\u00f3n: (a) nombre (s) y apellidos de usted y su representante, en su caso; (b) direcci\u00f3n de correo electr\u00f3nico para recibir notificaciones; (c) copia simple de la identificaci\u00f3n oficial con fotograf\u00eda de usted o su representante, en su caso, la representaci\u00f3n legal de la persona que realiza la <b>Solicitud <\/b>a su nombre; (d) existencia de la representaci\u00f3n, mediante instrumento p\u00fablico o carta poder firmada ante dos testigos, en su caso; (e) descripci\u00f3n<br>clara y precisa de los <b>Datos Personales<\/b> respecto de los cuales busque ejercer algunos de los <b>Derechos ARCO<\/b>; (f) cualquier elemento o documento que facilite la localizaci\u00f3n de sus Datos Personales; y (g) firma de la Solicitud de usted o su representante.<br><br><\/p>\n<p>En caso de solicitar el ejercicio del derecho de: (a) Rectificaci\u00f3n, deber\u00e1 indicar las modificaciones a realizar y proporcionar la documentaci\u00f3n que acredite y sustente la petici\u00f3n; y (b) Acceso; \u201c<b>COMUNIDAD DE SINA\u00cd<\/b>\u201d proporcionar\u00e1 los Datos Personales v\u00eda correo electr\u00f3nico y\/o mediante cita en oficinas de reclutamiento u oficinas administrativas, a elecci\u00f3n de \u201c<b>COMUNIDAD DE SINA\u00cd<\/b>\u201d.<\/p>\n<p><br>En un plazo m\u00e1ximo de 20 d\u00edas h\u00e1biles contados a partir del acuse de recepci\u00f3n de la <b>Solicitud<\/b>, se deber\u00e1 atender la petici\u00f3n e inform\u00e1rsele sobre la procedencia o improcedencia de esta mediante un aviso enviado al correo electr\u00f3nico proporcionado<br>para recibir la notificaci\u00f3n. En caso de resultar procedente su <b>Solicitud<\/b>, \u201d<b>COMUNDAD DE SINA\u00cd<\/b>\u201d deber\u00e1 hacerla efectiva dentro de los 15 d\u00edas h\u00e1biles siguientes, contados a partir de la recepci\u00f3n v\u00eda correo electr\u00f3nico de la procedencia de su <b>Solicitud<\/b>.<br>En adici\u00f3n, al procedimiento para el ejercicio del <b>Derecho ARCO<\/b>, usted tiene derecho, con<br>relaci\u00f3n a los <b>Fines Secundario<\/b>s a: (a) revocar o manifestar su negativa para tratar sus <b>Datos Personales<\/b>; y\/o (b) ser incluido en el \u201cListado de Exclusi\u00f3n\u201d habilitado y propio de \u201dCOMUNIDAD DE SINA\u00cd\u201d que nos permite limitar el uso y divulgaci\u00f3n de <b>Datos Personales<\/b>.<br>Para ambos efectos basta nos env\u00ede, la solicitud para revocar o ser excluidos, la cual deber\u00e1 contener: (a) nombre (s) y apellidos; y (b) cuenta de correo electr\u00f3nico para responder su solicitud, est\u00e1 deber\u00e1 ser dirigida al \u00e1rea de recursos humanos de \u201dCOMUNDIAD DE SINA\u00cd\u201d al<br>siguiente correo electr\u00f3nico sina\u00edeldorado@hotmail.com debiendo recibir acuse de recibo para que \u201dCOMUNIDAD DE SINA\u00cd\u201d quede vinculado al respecto. El acuse de recibo incluye constancia de revocaci\u00f3n y\/o inscripci\u00f3n al \u201cListado de Exclusi\u00f3n\u201d. \u201dCOMUNIDAD DE SINA\u00cd\u201d tiene un plazo m\u00e1ximo para dar respuesta de 5 d\u00edas h\u00e1biles<\/p>\n<p>.<br>Toda la documentaci\u00f3n deber\u00e1 ser enviada en formato de archivo PDF, legible y completa, para que \u201d<b>COMUNIDAD DE SINA\u00cd<\/b>\u201d pueda atender la <b>Solicitud<\/b>.<\/p>\n<p><br>Si usted considera que su derecho de protecci\u00f3n de datos personales ha sido lesionado por \u201d<b>COMUNIDAD DE SINA\u00cd<\/b>\u201d o presume que en el tratamiento de sus datos personales existe alguna violaci\u00f3n a las disposiciones previstas en la <b>Ley<\/b>, podr\u00e1 interponer su queja o&nbsp; denuncia correspondiente ante el Instituto Federal de Acceso a la Informaci\u00f3n y Protecci\u00f3n de Datos, IFAI (www.ifai.gob.mx), dentro de los 15 d\u00edas siguientes a la fecha en que reciba la respuesta de \u201d<b>COMUNIDAD DE SINA\u00cd<\/b>\u201d o a partir de que concluya el plazo de 20 d\u00edas contados a partir de la fecha del acuse de recepci\u00f3n de la <b>Solicitud<\/b> de ejercicio de derechos. Para cualquier duda o aclaraci\u00f3n tambi\u00e9n puede comunicarse con el<br>responsable de recursos humanos Al tel\u00e9fono (667) 7 24 22 99, Eldorado, Culiac\u00e1n, Sinaloa.<br>Importante: Cualquier modificaci\u00f3n a este Aviso de Privacidad se har\u00e1 de su conocimiento en domicilio en carretera Eldorado-Las Arenitas, kil\u00f3metro 2.5 en Eldorado, Culiac\u00e1n, Sinaloa, o en su defecto se le enviar\u00e1 por escrito v\u00eda internet a la direcci\u00f3n electr\u00f3nica<br>proporcionada para este efecto, sin que sea necesario comunicarle dicha modificaci\u00f3n al respecto a usted en forma individual.<\/p>\n<p><br>Fecha de \u00faltima actualizaci\u00f3n: 10\/04\/2023 | Protecci\u00f3n de Datos Personales<\/p>\t\t\t\t\t\t\t\t<\/div>\n\t\t\t\t<\/div>\n\t\t\t\t\t<\/div>\n\t\t\t\t<\/div>\n\t\t\t\t<\/div>\n\t\t","protected":false},"excerpt":{"rendered":"<p>aviso de privacidad Aviso de Privacidad Con fundamento en los art\u00edculos 15 y 16 de la Ley Federal de Protecci\u00f3n de Datos Personales en Posesi\u00f3n de Particulares (la \u201cLey\u201d) y su reglamento hacemos de su conocimiento Comunidad De Sina\u00ed, I.A.P. (\u201cCOMUNIDAD DE SINA\u00cd\u201d), con domicilio en carretera Eldorado-Las Arenitas, kil\u00f3metro 2.5 en Eldorado, Culiac\u00e1n, Sinaloa, &hellip;<\/p>\n<p class=\"read-more\"> <a class=\"\" href=\"https:\/\/comunidadsinai.org\/index.php\/privacy-policy\/\"> <span class=\"screen-reader-text\">Privacy Policy<\/span> Leer m\u00e1s &raquo;<\/a><\/p>\n","protected":false},"author":1,"featured_media":0,"parent":0,"menu_order":0,"comment_status":"closed","ping_status":"closed","template":"","meta":{"inline_featured_image":false,"site-sidebar-layout":"no-sidebar","site-content-layout":"page-builder","ast-site-content-layout":"full-width-container","site-content-style":"default","site-sidebar-style":"default","ast-global-header-display":"","ast-banner-title-visibility":"","ast-main-header-display":"","ast-hfb-above-header-display":"","ast-hfb-below-header-display":"","ast-hfb-mobile-header-display":"","site-post-title":"disabled","ast-breadcrumbs-content":"","ast-featured-img":"disabled","footer-sml-layout":"","theme-transparent-header-meta":"","adv-header-id-meta":"","stick-header-meta":"","header-above-stick-meta":"","header-main-stick-meta":"","header-below-stick-meta":"","astra-migrate-meta-layouts":"set","ast-page-background-enabled":"default","ast-page-background-meta":{"desktop":{"background-color":"var(--ast-global-color-4)","background-image":"","background-repeat":"repeat","background-position":"center center","background-size":"auto","background-attachment":"scroll","background-type":"","background-media":"","overlay-type":"","overlay-color":"","overlay-gradient":""},"tablet":{"background-color":"","background-image":"","background-repeat":"repeat","background-position":"center center","background-size":"auto","background-attachment":"scroll","background-type":"","background-media":"","overlay-type":"","overlay-color":"","overlay-gradient":""},"mobile":{"background-color":"","background-image":"","background-repeat":"repeat","background-position":"center center","background-size":"auto","background-attachment":"scroll","background-type":"","background-media":"","overlay-type":"","overlay-color":"","overlay-gradient":""}},"ast-content-background-meta":{"desktop":{"background-color":"var(--ast-global-color-5)","background-image":"","background-repeat":"repeat","background-position":"center center","background-size":"auto","background-attachment":"scroll","background-type":"","background-media":"","overlay-type":"","overlay-color":"","overlay-gradient":""},"tablet":{"background-color":"var(--ast-global-color-5)","background-image":"","background-repeat":"repeat","background-position":"center center","background-size":"auto","background-attachment":"scroll","background-type":"","background-media":"","overlay-type":"","overlay-color":"","overlay-gradient":""},"mobile":{"background-color":"var(--ast-global-color-5)","background-image":"","background-repeat":"repeat","background-position":"center center","background-size":"auto","background-attachment":"scroll","background-type":"","background-media":"","overlay-type":"","overlay-color":"","overlay-gradient":""}},"footnotes":""},"_links":{"self":[{"href":"https:\/\/comunidadsinai.org\/index.php\/wp-json\/wp\/v2\/pages\/2062"}],"collection":[{"href":"https:\/\/comunidadsinai.org\/index.php\/wp-json\/wp\/v2\/pages"}],"about":[{"href":"https:\/\/comunidadsinai.org\/index.php\/wp-json\/wp\/v2\/types\/page"}],"author":[{"embeddable":true,"href":"https:\/\/comunidadsinai.org\/index.php\/wp-json\/wp\/v2\/users\/1"}],"replies":[{"embeddable":true,"href":"https:\/\/comunidadsinai.org\/index.php\/wp-json\/wp\/v2\/comments?post=2062"}],"version-history":[{"count":33,"href":"https:\/\/comunidadsinai.org\/index.php\/wp-json\/wp\/v2\/pages\/2062\/revisions"}],"predecessor-version":[{"id":2183,"href":"https:\/\/comunidadsinai.org\/index.php\/wp-json\/wp\/v2\/pages\/2062\/revisions\/2183"}],"wp:attachment":[{"href":"https:\/\/comunidadsinai.org\/index.php\/wp-json\/wp\/v2\/media?parent=2062"}],"curies":[{"name":"wp","href":"https:\/\/api.w.org\/{rel}","templated":true}]}}